{"id":346,"date":"2017-07-27T15:42:51","date_gmt":"2017-07-27T15:42:51","guid":{"rendered":"http:\/\/www.floodimpatproject.polimi.it\/?page_id=346"},"modified":"2019-05-16T14:29:42","modified_gmt":"2019-05-16T14:29:42","slug":"laboratori-di-mappatura-collaborativa","status":"publish","type":"page","link":"https:\/\/www.floodimpatproject.polimi.it\/?page_id=346","title":{"rendered":"Laboratori di Mappatura Collaborativa"},"content":{"rendered":"<p>Nelle giornate di sabato 6 e mercoled\u00ec 10 Aprile 2019 msi \u00e8 svolto presso la Sala A. Granata della Biblioteca Laudense di Lodi il 2\u00b0 LABORATORIO DI MAPPATURA COLLETTIVA. Nella prima giornata con un alle associazioni economiche, delle citt\u00e0 civile ed ai cittadini. La seconda giornata ha visto coinvolti istituzioni, tecnici ed esperti.<\/p>\n<p><a href=\"http:\/\/www.floodimpatproject.polimi.it\/?attachment_id=676\" rel=\"attachment wp-att-676\"><img loading=\"lazy\" decoding=\"async\" class=\"alignnone size-full wp-image-676\" src=\"http:\/\/www.floodimpatproject.polimi.it\/wp-content\/uploads\/2019\/05\/POSTER-2\u00b0-CO-MAPPING-LAB_tavolo-tecnici.jpg\" alt=\"\" width=\"1008\" height=\"1344\" srcset=\"https:\/\/www.floodimpatproject.polimi.it\/wp-content\/uploads\/2019\/05\/POSTER-2\u00b0-CO-MAPPING-LAB_tavolo-tecnici.jpg 1008w, https:\/\/www.floodimpatproject.polimi.it\/wp-content\/uploads\/2019\/05\/POSTER-2\u00b0-CO-MAPPING-LAB_tavolo-tecnici-225x300.jpg 225w, https:\/\/www.floodimpatproject.polimi.it\/wp-content\/uploads\/2019\/05\/POSTER-2\u00b0-CO-MAPPING-LAB_tavolo-tecnici-768x1024.jpg 768w, https:\/\/www.floodimpatproject.polimi.it\/wp-content\/uploads\/2019\/05\/POSTER-2\u00b0-CO-MAPPING-LAB_tavolo-tecnici-640x853.jpg 640w, https:\/\/www.floodimpatproject.polimi.it\/wp-content\/uploads\/2019\/05\/POSTER-2\u00b0-CO-MAPPING-LAB_tavolo-tecnici-810x1080.jpg 810w\" sizes=\"auto, (max-width: 1008px) 100vw, 1008px\" \/><\/a><\/p>\n<p><a href=\"http:\/\/www.floodimpatproject.polimi.it\/?attachment_id=677\" rel=\"attachment wp-att-677\"><img loading=\"lazy\" decoding=\"async\" class=\"alignnone size-full wp-image-677\" src=\"http:\/\/www.floodimpatproject.polimi.it\/wp-content\/uploads\/2019\/05\/POSTER-2\u00b0-CO-MAPPING-LAB_tavolo-tecnici_v222.jpg\" alt=\"\" width=\"1008\" height=\"1344\" srcset=\"https:\/\/www.floodimpatproject.polimi.it\/wp-content\/uploads\/2019\/05\/POSTER-2\u00b0-CO-MAPPING-LAB_tavolo-tecnici_v222.jpg 1008w, https:\/\/www.floodimpatproject.polimi.it\/wp-content\/uploads\/2019\/05\/POSTER-2\u00b0-CO-MAPPING-LAB_tavolo-tecnici_v222-225x300.jpg 225w, https:\/\/www.floodimpatproject.polimi.it\/wp-content\/uploads\/2019\/05\/POSTER-2\u00b0-CO-MAPPING-LAB_tavolo-tecnici_v222-768x1024.jpg 768w, https:\/\/www.floodimpatproject.polimi.it\/wp-content\/uploads\/2019\/05\/POSTER-2\u00b0-CO-MAPPING-LAB_tavolo-tecnici_v222-640x853.jpg 640w, https:\/\/www.floodimpatproject.polimi.it\/wp-content\/uploads\/2019\/05\/POSTER-2\u00b0-CO-MAPPING-LAB_tavolo-tecnici_v222-810x1080.jpg 810w\" sizes=\"auto, (max-width: 1008px) 100vw, 1008px\" \/><\/a><\/p>\n<hr \/>\n<p>Il giorno marted\u00ec 30 Ottobre si \u00e8 svolto presso la Sala A. Granata della Biblioteca Laudense di Lodi il\u00a01\u00b0 LABORATORIO DI MAPPATURA COLLETTIVA: tavolo dedicato alle istituzioni, tecnici ed esperti<\/p>\n<p>Ecco qui, il report del laboratorio, alcune foto e la locandina dell&#8217;evento:<\/p>\n<p style=\"text-align: left;\"><a href=\"http:\/\/www.floodimpatproject.polimi.it\/?attachment_id=635\" rel=\"attachment wp-att-635\">Floodimpat+ &#8211; Comapping LAB -30ottobre2018_report_def<\/a><\/p>\n<p><a href=\"http:\/\/www.floodimpatproject.polimi.it\/?attachment_id=636\" rel=\"attachment wp-att-636\"><img loading=\"lazy\" decoding=\"async\" class=\"alignnone size-full wp-image-636\" src=\"http:\/\/www.floodimpatproject.polimi.it\/wp-content\/uploads\/2018\/11\/POSTER-1\u00b0-CO-MAPPING-LAB_tavolo-tecnici_jpeg.jpg\" alt=\"\" width=\"1008\" height=\"1344\" srcset=\"https:\/\/www.floodimpatproject.polimi.it\/wp-content\/uploads\/2018\/11\/POSTER-1\u00b0-CO-MAPPING-LAB_tavolo-tecnici_jpeg.jpg 1008w, https:\/\/www.floodimpatproject.polimi.it\/wp-content\/uploads\/2018\/11\/POSTER-1\u00b0-CO-MAPPING-LAB_tavolo-tecnici_jpeg-225x300.jpg 225w, https:\/\/www.floodimpatproject.polimi.it\/wp-content\/uploads\/2018\/11\/POSTER-1\u00b0-CO-MAPPING-LAB_tavolo-tecnici_jpeg-768x1024.jpg 768w, https:\/\/www.floodimpatproject.polimi.it\/wp-content\/uploads\/2018\/11\/POSTER-1\u00b0-CO-MAPPING-LAB_tavolo-tecnici_jpeg-640x853.jpg 640w, https:\/\/www.floodimpatproject.polimi.it\/wp-content\/uploads\/2018\/11\/POSTER-1\u00b0-CO-MAPPING-LAB_tavolo-tecnici_jpeg-810x1080.jpg 810w\" sizes=\"auto, (max-width: 1008px) 100vw, 1008px\" \/><\/a><\/p>\n<p><a href=\"http:\/\/www.floodimpatproject.polimi.it\/?attachment_id=677\" rel=\"attachment wp-att-677\"><img loading=\"lazy\" decoding=\"async\" class=\"alignnone size-full wp-image-677\" src=\"http:\/\/www.floodimpatproject.polimi.it\/wp-content\/uploads\/2019\/05\/POSTER-2\u00b0-CO-MAPPING-LAB_tavolo-tecnici_v222.jpg\" alt=\"\" width=\"1008\" height=\"1344\" srcset=\"https:\/\/www.floodimpatproject.polimi.it\/wp-content\/uploads\/2019\/05\/POSTER-2\u00b0-CO-MAPPING-LAB_tavolo-tecnici_v222.jpg 1008w, https:\/\/www.floodimpatproject.polimi.it\/wp-content\/uploads\/2019\/05\/POSTER-2\u00b0-CO-MAPPING-LAB_tavolo-tecnici_v222-225x300.jpg 225w, https:\/\/www.floodimpatproject.polimi.it\/wp-content\/uploads\/2019\/05\/POSTER-2\u00b0-CO-MAPPING-LAB_tavolo-tecnici_v222-768x1024.jpg 768w, https:\/\/www.floodimpatproject.polimi.it\/wp-content\/uploads\/2019\/05\/POSTER-2\u00b0-CO-MAPPING-LAB_tavolo-tecnici_v222-640x853.jpg 640w, https:\/\/www.floodimpatproject.polimi.it\/wp-content\/uploads\/2019\/05\/POSTER-2\u00b0-CO-MAPPING-LAB_tavolo-tecnici_v222-810x1080.jpg 810w\" sizes=\"auto, (max-width: 1008px) 100vw, 1008px\" \/><\/a><\/p>\n<p><a href=\"http:\/\/www.floodimpatproject.polimi.it\/?attachment_id=638\" rel=\"attachment wp-att-638\"><img loading=\"lazy\" decoding=\"async\" class=\"alignnone size-full wp-image-638\" src=\"http:\/\/www.floodimpatproject.polimi.it\/wp-content\/uploads\/2018\/11\/20181030_105939.jpg\" alt=\"\" width=\"4128\" height=\"2322\" srcset=\"https:\/\/www.floodimpatproject.polimi.it\/wp-content\/uploads\/2018\/11\/20181030_105939.jpg 4128w, https:\/\/www.floodimpatproject.polimi.it\/wp-content\/uploads\/2018\/11\/20181030_105939-300x169.jpg 300w, https:\/\/www.floodimpatproject.polimi.it\/wp-content\/uploads\/2018\/11\/20181030_105939-768x432.jpg 768w, https:\/\/www.floodimpatproject.polimi.it\/wp-content\/uploads\/2018\/11\/20181030_105939-1024x576.jpg 1024w, https:\/\/www.floodimpatproject.polimi.it\/wp-content\/uploads\/2018\/11\/20181030_105939-640x360.jpg 640w, https:\/\/www.floodimpatproject.polimi.it\/wp-content\/uploads\/2018\/11\/20181030_105939-1920x1080.jpg 1920w\" sizes=\"auto, (max-width: 4128px) 100vw, 4128px\" \/><\/a><a href=\"http:\/\/www.floodimpatproject.polimi.it\/?attachment_id=639\" rel=\"attachment wp-att-639\"><img loading=\"lazy\" decoding=\"async\" class=\"alignnone size-full wp-image-639\" src=\"http:\/\/www.floodimpatproject.polimi.it\/wp-content\/uploads\/2018\/11\/IMG_6489.jpg\" alt=\"\" width=\"3264\" height=\"2448\" srcset=\"https:\/\/www.floodimpatproject.polimi.it\/wp-content\/uploads\/2018\/11\/IMG_6489.jpg 3264w, https:\/\/www.floodimpatproject.polimi.it\/wp-content\/uploads\/2018\/11\/IMG_6489-300x225.jpg 300w, https:\/\/www.floodimpatproject.polimi.it\/wp-content\/uploads\/2018\/11\/IMG_6489-768x576.jpg 768w, https:\/\/www.floodimpatproject.polimi.it\/wp-content\/uploads\/2018\/11\/IMG_6489-1024x768.jpg 1024w, https:\/\/www.floodimpatproject.polimi.it\/wp-content\/uploads\/2018\/11\/IMG_6489-640x480.jpg 640w, https:\/\/www.floodimpatproject.polimi.it\/wp-content\/uploads\/2018\/11\/IMG_6489-1440x1080.jpg 1440w\" sizes=\"auto, (max-width: 3264px) 100vw, 3264px\" \/><\/a><a href=\"http:\/\/www.floodimpatproject.polimi.it\/?attachment_id=640\" rel=\"attachment wp-att-640\"><img loading=\"lazy\" decoding=\"async\" class=\"alignnone size-full wp-image-640\" src=\"http:\/\/www.floodimpatproject.polimi.it\/wp-content\/uploads\/2018\/11\/IMG_6496.jpg\" alt=\"\" width=\"3264\" height=\"2448\" srcset=\"https:\/\/www.floodimpatproject.polimi.it\/wp-content\/uploads\/2018\/11\/IMG_6496.jpg 3264w, https:\/\/www.floodimpatproject.polimi.it\/wp-content\/uploads\/2018\/11\/IMG_6496-300x225.jpg 300w, https:\/\/www.floodimpatproject.polimi.it\/wp-content\/uploads\/2018\/11\/IMG_6496-768x576.jpg 768w, https:\/\/www.floodimpatproject.polimi.it\/wp-content\/uploads\/2018\/11\/IMG_6496-1024x768.jpg 1024w, https:\/\/www.floodimpatproject.polimi.it\/wp-content\/uploads\/2018\/11\/IMG_6496-640x480.jpg 640w, https:\/\/www.floodimpatproject.polimi.it\/wp-content\/uploads\/2018\/11\/IMG_6496-1440x1080.jpg 1440w\" sizes=\"auto, (max-width: 3264px) 100vw, 3264px\" \/><\/a><a href=\"http:\/\/www.floodimpatproject.polimi.it\/?attachment_id=641\" rel=\"attachment wp-att-641\"><img loading=\"lazy\" decoding=\"async\" class=\"alignnone size-full wp-image-641\" src=\"http:\/\/www.floodimpatproject.polimi.it\/wp-content\/uploads\/2018\/11\/IMG_6497.jpg\" alt=\"\" width=\"3264\" height=\"2448\" srcset=\"https:\/\/www.floodimpatproject.polimi.it\/wp-content\/uploads\/2018\/11\/IMG_6497.jpg 3264w, https:\/\/www.floodimpatproject.polimi.it\/wp-content\/uploads\/2018\/11\/IMG_6497-300x225.jpg 300w, https:\/\/www.floodimpatproject.polimi.it\/wp-content\/uploads\/2018\/11\/IMG_6497-768x576.jpg 768w, https:\/\/www.floodimpatproject.polimi.it\/wp-content\/uploads\/2018\/11\/IMG_6497-1024x768.jpg 1024w, https:\/\/www.floodimpatproject.polimi.it\/wp-content\/uploads\/2018\/11\/IMG_6497-640x480.jpg 640w, https:\/\/www.floodimpatproject.polimi.it\/wp-content\/uploads\/2018\/11\/IMG_6497-1440x1080.jpg 1440w\" sizes=\"auto, (max-width: 3264px) 100vw, 3264px\" \/><\/a><a href=\"http:\/\/www.floodimpatproject.polimi.it\/?attachment_id=643\" rel=\"attachment wp-att-643\"><img loading=\"lazy\" decoding=\"async\" class=\"alignnone size-full wp-image-643\" src=\"http:\/\/www.floodimpatproject.polimi.it\/wp-content\/uploads\/2018\/11\/IMG_6493.jpg\" alt=\"\" width=\"3264\" height=\"2448\" srcset=\"https:\/\/www.floodimpatproject.polimi.it\/wp-content\/uploads\/2018\/11\/IMG_6493.jpg 3264w, https:\/\/www.floodimpatproject.polimi.it\/wp-content\/uploads\/2018\/11\/IMG_6493-300x225.jpg 300w, https:\/\/www.floodimpatproject.polimi.it\/wp-content\/uploads\/2018\/11\/IMG_6493-768x576.jpg 768w, https:\/\/www.floodimpatproject.polimi.it\/wp-content\/uploads\/2018\/11\/IMG_6493-1024x768.jpg 1024w, https:\/\/www.floodimpatproject.polimi.it\/wp-content\/uploads\/2018\/11\/IMG_6493-640x480.jpg 640w, https:\/\/www.floodimpatproject.polimi.it\/wp-content\/uploads\/2018\/11\/IMG_6493-1440x1080.jpg 1440w\" sizes=\"auto, (max-width: 3264px) 100vw, 3264px\" \/><\/a><\/p>\n<hr \/>\n<p>Il giorno\u00a0sabato\u00a013 Ottobre si \u00e8 svolto presso la Sala A. Granata della Biblioteca Laudense di Lodi il\u00a01\u00b0 LABORATORIO DI MAPPATURA COLLETTIVA: tavolo societ\u00e0 civile e mondo economico, patrocinato dalla Citt\u00e0 di Lodi.<\/p>\n<p>Ecco qui, il report del laboratorio, alcune foto e la locandina dell&#8217;evento:<\/p>\n<p style=\"text-align: left;\"><a href=\"http:\/\/www.floodimpatproject.polimi.it\/?attachment_id=634\" rel=\"attachment wp-att-634\">Floodimpat+ &#8211; Comapping LAB -13ottobre2018_report_all<\/a><\/p>\n<p><a href=\"http:\/\/www.floodimpatproject.polimi.it\/?attachment_id=605\" rel=\"attachment wp-att-605\"><img loading=\"lazy\" decoding=\"async\" class=\"alignnone size-full wp-image-605\" src=\"http:\/\/www.floodimpatproject.polimi.it\/wp-content\/uploads\/2018\/10\/POSTER-1\u00b0-CO-MAPPING-LAB.jpg\" alt=\"\" width=\"1008\" height=\"1344\" srcset=\"https:\/\/www.floodimpatproject.polimi.it\/wp-content\/uploads\/2018\/10\/POSTER-1\u00b0-CO-MAPPING-LAB.jpg 1008w, https:\/\/www.floodimpatproject.polimi.it\/wp-content\/uploads\/2018\/10\/POSTER-1\u00b0-CO-MAPPING-LAB-225x300.jpg 225w, https:\/\/www.floodimpatproject.polimi.it\/wp-content\/uploads\/2018\/10\/POSTER-1\u00b0-CO-MAPPING-LAB-768x1024.jpg 768w, https:\/\/www.floodimpatproject.polimi.it\/wp-content\/uploads\/2018\/10\/POSTER-1\u00b0-CO-MAPPING-LAB-640x853.jpg 640w, https:\/\/www.floodimpatproject.polimi.it\/wp-content\/uploads\/2018\/10\/POSTER-1\u00b0-CO-MAPPING-LAB-810x1080.jpg 810w\" sizes=\"auto, (max-width: 1008px) 100vw, 1008px\" \/><\/a><\/p>\n<p><a href=\"http:\/\/www.floodimpatproject.polimi.it\/?attachment_id=606\" rel=\"attachment wp-att-606\"><img loading=\"lazy\" decoding=\"async\" class=\"alignnone size-full wp-image-606\" src=\"http:\/\/www.floodimpatproject.polimi.it\/wp-content\/uploads\/2018\/10\/IMG_6256.jpg\" alt=\"\" width=\"3264\" height=\"2448\" srcset=\"https:\/\/www.floodimpatproject.polimi.it\/wp-content\/uploads\/2018\/10\/IMG_6256.jpg 3264w, https:\/\/www.floodimpatproject.polimi.it\/wp-content\/uploads\/2018\/10\/IMG_6256-300x225.jpg 300w, https:\/\/www.floodimpatproject.polimi.it\/wp-content\/uploads\/2018\/10\/IMG_6256-768x576.jpg 768w, https:\/\/www.floodimpatproject.polimi.it\/wp-content\/uploads\/2018\/10\/IMG_6256-1024x768.jpg 1024w, https:\/\/www.floodimpatproject.polimi.it\/wp-content\/uploads\/2018\/10\/IMG_6256-640x480.jpg 640w, https:\/\/www.floodimpatproject.polimi.it\/wp-content\/uploads\/2018\/10\/IMG_6256-1440x1080.jpg 1440w\" sizes=\"auto, (max-width: 3264px) 100vw, 3264px\" \/><\/a> <a href=\"http:\/\/www.floodimpatproject.polimi.it\/?attachment_id=607\" rel=\"attachment wp-att-607\"><img loading=\"lazy\" decoding=\"async\" class=\"alignnone size-full wp-image-607\" src=\"http:\/\/www.floodimpatproject.polimi.it\/wp-content\/uploads\/2018\/10\/IMG_6259.jpg\" alt=\"\" width=\"3264\" height=\"2448\" srcset=\"https:\/\/www.floodimpatproject.polimi.it\/wp-content\/uploads\/2018\/10\/IMG_6259.jpg 3264w, https:\/\/www.floodimpatproject.polimi.it\/wp-content\/uploads\/2018\/10\/IMG_6259-300x225.jpg 300w, https:\/\/www.floodimpatproject.polimi.it\/wp-content\/uploads\/2018\/10\/IMG_6259-768x576.jpg 768w, https:\/\/www.floodimpatproject.polimi.it\/wp-content\/uploads\/2018\/10\/IMG_6259-1024x768.jpg 1024w, https:\/\/www.floodimpatproject.polimi.it\/wp-content\/uploads\/2018\/10\/IMG_6259-640x480.jpg 640w, https:\/\/www.floodimpatproject.polimi.it\/wp-content\/uploads\/2018\/10\/IMG_6259-1440x1080.jpg 1440w\" sizes=\"auto, (max-width: 3264px) 100vw, 3264px\" \/><\/a> <a href=\"http:\/\/www.floodimpatproject.polimi.it\/?attachment_id=608\" rel=\"attachment wp-att-608\"><img loading=\"lazy\" decoding=\"async\" class=\"alignnone size-full wp-image-608\" src=\"http:\/\/www.floodimpatproject.polimi.it\/wp-content\/uploads\/2018\/10\/IMG_6263.jpg\" alt=\"\" width=\"3264\" height=\"2448\" srcset=\"https:\/\/www.floodimpatproject.polimi.it\/wp-content\/uploads\/2018\/10\/IMG_6263.jpg 3264w, https:\/\/www.floodimpatproject.polimi.it\/wp-content\/uploads\/2018\/10\/IMG_6263-300x225.jpg 300w, https:\/\/www.floodimpatproject.polimi.it\/wp-content\/uploads\/2018\/10\/IMG_6263-768x576.jpg 768w, https:\/\/www.floodimpatproject.polimi.it\/wp-content\/uploads\/2018\/10\/IMG_6263-1024x768.jpg 1024w, https:\/\/www.floodimpatproject.polimi.it\/wp-content\/uploads\/2018\/10\/IMG_6263-640x480.jpg 640w, https:\/\/www.floodimpatproject.polimi.it\/wp-content\/uploads\/2018\/10\/IMG_6263-1440x1080.jpg 1440w\" sizes=\"auto, (max-width: 3264px) 100vw, 3264px\" \/><\/a> <a href=\"http:\/\/www.floodimpatproject.polimi.it\/?attachment_id=610\" rel=\"attachment wp-att-610\"><img loading=\"lazy\" decoding=\"async\" class=\"alignnone size-full wp-image-610\" src=\"http:\/\/www.floodimpatproject.polimi.it\/wp-content\/uploads\/2018\/10\/IMG_6267.jpg\" alt=\"\" width=\"3264\" height=\"2448\" srcset=\"https:\/\/www.floodimpatproject.polimi.it\/wp-content\/uploads\/2018\/10\/IMG_6267.jpg 3264w, https:\/\/www.floodimpatproject.polimi.it\/wp-content\/uploads\/2018\/10\/IMG_6267-300x225.jpg 300w, https:\/\/www.floodimpatproject.polimi.it\/wp-content\/uploads\/2018\/10\/IMG_6267-768x576.jpg 768w, https:\/\/www.floodimpatproject.polimi.it\/wp-content\/uploads\/2018\/10\/IMG_6267-1024x768.jpg 1024w, https:\/\/www.floodimpatproject.polimi.it\/wp-content\/uploads\/2018\/10\/IMG_6267-640x480.jpg 640w, https:\/\/www.floodimpatproject.polimi.it\/wp-content\/uploads\/2018\/10\/IMG_6267-1440x1080.jpg 1440w\" sizes=\"auto, (max-width: 3264px) 100vw, 3264px\" \/><\/a><a href=\"http:\/\/www.floodimpatproject.polimi.it\/?attachment_id=609\" rel=\"attachment wp-att-609\"><img loading=\"lazy\" decoding=\"async\" class=\"alignnone size-full wp-image-609\" src=\"http:\/\/www.floodimpatproject.polimi.it\/wp-content\/uploads\/2018\/10\/IMG_6264.jpg\" alt=\"\" width=\"3264\" height=\"2448\" srcset=\"https:\/\/www.floodimpatproject.polimi.it\/wp-content\/uploads\/2018\/10\/IMG_6264.jpg 3264w, https:\/\/www.floodimpatproject.polimi.it\/wp-content\/uploads\/2018\/10\/IMG_6264-300x225.jpg 300w, https:\/\/www.floodimpatproject.polimi.it\/wp-content\/uploads\/2018\/10\/IMG_6264-768x576.jpg 768w, https:\/\/www.floodimpatproject.polimi.it\/wp-content\/uploads\/2018\/10\/IMG_6264-1024x768.jpg 1024w, https:\/\/www.floodimpatproject.polimi.it\/wp-content\/uploads\/2018\/10\/IMG_6264-640x480.jpg 640w, https:\/\/www.floodimpatproject.polimi.it\/wp-content\/uploads\/2018\/10\/IMG_6264-1440x1080.jpg 1440w\" sizes=\"auto, (max-width: 3264px) 100vw, 3264px\" \/><\/a><\/p>\n<hr \/>\n<p style=\"text-align: left;\"><strong>Obiettivo dei laboratori di mappatura collettiva<\/strong> (co-mapping) \u00e8 quello di raggiungere una rappresentazione\u00a0condivisa dei risultati delle valutazioni di pericolosit\u00e0, vulnerabilit\u00e0 e rischio prodotte dai ricercatori del\u00a0Politecnico a supporto della definizione delle strategie di gestione e mitigazione del rischio alluvionale sia a\u00a0livello di collettivit\u00e0 che di singolo cittadino, migliorando cos\u00ec la capacit\u00e0 di comunicazione e collaborazione\u00a0tra le istituzioni che lavorano a vario livello sulla prevenzione e mitigazione del rischio e sulla gestione\u00a0dell\u2019emergenza nonch\u00e9 tra le istituzioni e la societ\u00e0 civile dei territori interessati, aumentando la\u00a0consapevolezza delle scelte e la qualit\u00e0 dell\u2019agire dei singoli.<\/p>\n<p style=\"text-align: left;\">A nostro avviso, coinvolgere gli attori istituzionali, la societ\u00e0 civile ed economica e i singoli cittadini nel coprogettare\u00a0e personalizzare le mappe di rischio alluvionale \u00e8 fondamentale per rendere tale strumento\u00a0comprensibile, utile e fruibile per i diversi soggetti coinvolti nei processi di pianificazione e attuazione delle\u00a0misure di prevenzione e mitigazione del rischio alluvionale e nella gestione delle diverse fasi dell\u2019emergenza\u00a0nonch\u00e9, pi\u00f9 semplicemente, per la comunit\u00e0 esposta al rischio stesso.<\/p>\n<p style=\"text-align: left;\">Le tappe del percorso di co-mapping saranno:<\/p>\n<ul>\n<li style=\"list-style-type: none;\">\n<ul>\n<li style=\"text-align: left;\"><em>PRIMO LABORATORIO (ottobre 2018)<\/em> &#8211; \u201cUNA LEGENDA CONDIVISA SUL RISCHIO\u201d<br \/>\nfinalizzato alla condivisione degli obiettivi verso cui dovrebbero essere tese le mappe di rischio<br \/>\nalluvionale, alla presentazione delle prime mappe elaborate dai ricercatori del Politecnico ed alla<br \/>\ncostruzione della legenda che le stesse dovrebbero avere.<\/li>\n<\/ul>\n<\/li>\n<\/ul>\n<ul>\n<li style=\"list-style-type: none;\">\n<ul>\n<li style=\"text-align: left;\"><em>SECONDO LABORATORIO (dicembre 2018)<\/em> &#8211; \u201cAD OGNUNO LA SUA MAPPA\u201d<br \/>\nfinalizzato all\u2019illustrazione delle nuove mappe costruite sulla base degli esiti del lavoro del primo\u00a0laboratorio e affinare le legende condivise. Nel corso del secondo incontro si lavorer\u00e0 anche all\u2019individuazione degli strumenti e canali per la migliore diffusione delle mappe, per contribuire a\u00a0migliorare l\u2019efficacia dell\u2019azione di diffusione svolta dall\u2019Autorit\u00e0 di Bacino.<\/li>\n<\/ul>\n<\/li>\n<\/ul>\n<ul>\n<li style=\"text-align: left;\"><em> TERZO LAB (febbraio\/marzo 2019)<\/em> &#8211; \u201cINFORMAZIONE, FORMAZIONE E DISSEMINAZIONE\u201d\u00a0finalizzato all\u2019illustrazione delle mappa co-costruite e alla formazione sul loro uso.<\/li>\n<\/ul>\n<p><em><u>Ti potrebbe anche interessare:<\/u><\/em><\/p>\n<blockquote class=\"wp-embedded-content\" data-secret=\"itvqWmZLnj\"><p><a href=\"http:\/\/www.floodimpatproject.polimi.it\/?page_id=112\">Disseminazione e Comunicazione<\/a><\/p><\/blockquote>\n<p><iframe loading=\"lazy\" class=\"wp-embedded-content\" sandbox=\"allow-scripts\" security=\"restricted\" style=\"position: absolute; clip: rect(1px, 1px, 1px, 1px);\" src=\"http:\/\/www.floodimpatproject.polimi.it\/?page_id=112&#038;embed=true#?secret=itvqWmZLnj\" data-secret=\"itvqWmZLnj\" width=\"600\" height=\"338\" title=\"&#8220;Disseminazione e Comunicazione&#8221; &#8212; Flood-Impat+\" frameborder=\"0\" marginwidth=\"0\" marginheight=\"0\" scrolling=\"no\"><\/iframe><\/p>\n","protected":false},"excerpt":{"rendered":"<p>Nelle giornate di sabato 6 e mercoled\u00ec 10 Aprile 2019 msi \u00e8 svolto presso la Sala A. Granata della Biblioteca Laudense di Lodi il 2\u00b0 LABORATORIO DI MAPPATURA COLLETTIVA. Nella prima giornata con un alle associazioni economiche, delle citt\u00e0 civile ed ai cittadini. La seconda giornata ha visto coinvolti istituzioni, tecnici ed esperti. Il giorno&hellip; <br \/> <a class=\"button small blue\" href=\"https:\/\/www.floodimpatproject.polimi.it\/?page_id=346\">Leggi tutto<\/a><\/p>\n","protected":false},"author":2,"featured_media":0,"parent":5,"menu_order":8,"comment_status":"closed","ping_status":"closed","template":"","meta":{"footnotes":""},"class_list":["post-346","page","type-page","status-publish","hentry"],"_links":{"self":[{"href":"https:\/\/www.floodimpatproject.polimi.it\/index.php?rest_route=\/wp\/v2\/pages\/346","targetHints":{"allow":["GET"]}}],"collection":[{"href":"https:\/\/www.floodimpatproject.polimi.it\/index.php?rest_route=\/wp\/v2\/pages"}],"about":[{"href":"https:\/\/www.floodimpatproject.polimi.it\/index.php?rest_route=\/wp\/v2\/types\/page"}],"author":[{"embeddable":true,"href":"https:\/\/www.floodimpatproject.polimi.it\/index.php?rest_route=\/wp\/v2\/users\/2"}],"replies":[{"embeddable":true,"href":"https:\/\/www.floodimpatproject.polimi.it\/index.php?rest_route=%2Fwp%2Fv2%2Fcomments&post=346"}],"version-history":[{"count":9,"href":"https:\/\/www.floodimpatproject.polimi.it\/index.php?rest_route=\/wp\/v2\/pages\/346\/revisions"}],"predecessor-version":[{"id":678,"href":"https:\/\/www.floodimpatproject.polimi.it\/index.php?rest_route=\/wp\/v2\/pages\/346\/revisions\/678"}],"up":[{"embeddable":true,"href":"https:\/\/www.floodimpatproject.polimi.it\/index.php?rest_route=\/wp\/v2\/pages\/5"}],"wp:attachment":[{"href":"https:\/\/www.floodimpatproject.polimi.it\/index.php?rest_route=%2Fwp%2Fv2%2Fmedia&parent=346"}],"curies":[{"name":"wp","href":"https:\/\/api.w.org\/{rel}","templated":true}]}}