{"id":112,"date":"2017-07-05T13:32:27","date_gmt":"2017-07-05T13:32:27","guid":{"rendered":"http:\/\/www.floodimpatproject.polimi.it\/?page_id=112"},"modified":"2019-07-16T13:16:37","modified_gmt":"2019-07-16T13:16:37","slug":"disseminazione-e-comunicazione","status":"publish","type":"page","link":"https:\/\/www.floodimpatproject.polimi.it\/?page_id=112","title":{"rendered":"Disseminazione e Comunicazione"},"content":{"rendered":"<p>Le attivit\u00e0 di Disseminazione prevedono non solo la comunicazione dei risultati del progetto bens\u00ec, coerentemente con i principi della RRI nonch\u00e9 della stessa Direttiva Alluvioni, \u00e8 anche previsto il coinvolgimento diretto dei cittadini e di tutti i portatori di interesse nelle diverse fasi del progetto, con particolare riferimento all\u2019area oggetto di studio. In particolare, due sono le fasi in cui verr\u00e0 attivamente coinvolta la societ\u00e0 civile:<\/p>\n<ul>\n<li>verranno previsti incontri con i singoli portatori di interesse quali gestori delle reti, consorzi di bonifica, imprenditori, ai fini della definizione di modelli di danno attraverso un approccio sintetico (i.e. expert based)<\/li>\n<li>verranno organizzati dei forum partecipativi aperti alla popolazione, finalizzati a mostrare i risultati (anche parziali) delle analisi di rischio e ad orientare e definire le migliori strategie di comunicazione delle stesse<\/li>\n<\/ul>\n<p>Per quanto riguarda la disseminazione dei risultati al pubblico, \u00e8 previsto l\u2019uso di strumenti classici quali brochure e volantini nonch\u00e9 di strumenti mediatici quali social media, siti web dei partner e di Fondazione Cariplo. I risultati del progetto verranno inoltre periodicamente comunicati attraverso la newsletter di Fondazione Cariplo.<\/p>\n<p>Per quanto riguarda la disseminazione in ambito scientifico-tecnico, \u00e8 prevista la presentazione dei risultati a convegni del settore nazionali e internazionali, la scrittura di 2\/3 pubblicazioni scientifiche (open source) nonch\u00e9 la realizzazione di un convegno a conclusione del progetto.<\/p>\n<hr \/>\n<h2>Evento Finale del 4 Giugno 2019<\/h2>\n<p>Qui tutte le presentazioni dell&#8217;evento finale:<\/p>\n<p>Il progetto Flood-IMPAT+: obiettivi, risultati, sviluppi futuri<br \/><em>Daniela Molinari, Responsabile Scientifico del progetto<\/em><\/p>\n\n\n<div class=\"wp-block-file\"><a href=\"http:\/\/www.floodimpatproject.polimi.it\/wp-content\/uploads\/2019\/07\/Presentazione.pptx\"> <br>Progetto Flood-IMPAT<\/a><a href=\"http:\/\/www.floodimpatproject.polimi.it\/wp-content\/uploads\/2019\/07\/Presentazione.pptx\" class=\"wp-block-file__button\" download>Scarica<\/a><\/div>\n\n\n\n<p> Il metodo RAPIDE per la valutazione della pericolosit\u00e0 idraulica a supporto dell\u2019analisi di danno <br><em>Alessio Radice <\/em><\/p>\n\n\n\n<div class=\"wp-block-file\"><a href=\"http:\/\/www.floodimpatproject.polimi.it\/wp-content\/uploads\/2019\/07\/2019-06-11-presentazione-RAPIDE-per-conferenza-finale.pptx\">Metodo RAPIDE<\/a><a href=\"http:\/\/www.floodimpatproject.polimi.it\/wp-content\/uploads\/2019\/07\/2019-06-11-presentazione-RAPIDE-per-conferenza-finale.pptx\" class=\"wp-block-file__button\" download>Scarica<\/a><\/div>\n\n\n\n<p> Il modello simple-INSYDE per la valutazione del danno alluvionale al settore residenziale <br><em>Francesco Ballio <\/em><\/p>\n\n\n\n<div class=\"wp-block-file\"><a href=\"http:\/\/www.floodimpatproject.polimi.it\/wp-content\/uploads\/2019\/07\/INSYDE_Lodi.pptx\">INSYDE_Lodi<\/a><a href=\"http:\/\/www.floodimpatproject.polimi.it\/wp-content\/uploads\/2019\/07\/INSYDE_Lodi.pptx\" class=\"wp-block-file__button\" download>Scarica<\/a><\/div>\n\n\n\n<hr class=\"wp-block-separator is-style-wide\"\/>\n\n\n\n<p> Il modello AGRIDE per la valutazione del danno alluvionale al settore agricolo <br><em>Anna Rita Scorzini <\/em><\/p>\n\n\n\n<div class=\"wp-block-file\"><a href=\"http:\/\/www.floodimpatproject.polimi.it\/wp-content\/uploads\/2019\/07\/Agride_floodimpat.pptx\">Agride<\/a><a href=\"http:\/\/www.floodimpatproject.polimi.it\/wp-content\/uploads\/2019\/07\/Agride_floodimpat.pptx\" class=\"wp-block-file__button\" download>Scarica<\/a><\/div>\n\n\n\n<p> Focus sull\u2019analisi dei danni al settore infrastrutture <br><em>Alice Gallazzi <\/em><\/p>\n\n\n\n<div class=\"wp-block-file\"><a href=\"http:\/\/www.floodimpatproject.polimi.it\/wp-content\/uploads\/2019\/07\/Convegno_rete-fognaria.pptx\">Rete fognaria<\/a><a href=\"http:\/\/www.floodimpatproject.polimi.it\/wp-content\/uploads\/2019\/07\/Convegno_rete-fognaria.pptx\" class=\"wp-block-file__button\" download>Scarica<\/a><\/div>\n\n\n\n<p> Focus sull\u2019analisi dei danni al settore commerciale e industriale Guido <em>Minucci e Giulia Pesaro<\/em> <\/p>\n\n\n\n<div class=\"wp-block-file\"><a href=\"http:\/\/www.floodimpatproject.polimi.it\/wp-content\/uploads\/2019\/07\/Attivit\u00e0_Commerciali_Finale.pptx\">Settore commerciale ed industriale<\/a><a href=\"http:\/\/www.floodimpatproject.polimi.it\/wp-content\/uploads\/2019\/07\/Attivit\u00e0_Commerciali_Finale.pptx\" class=\"wp-block-file__button\" download>Scarica<\/a><\/div>\n\n\n\n<p> L\u2019uso dei modelli di danno a supporto dell\u2019analisi costi-benefici delle strutture arginali a Lodi <br><em>Daniela Molinari <\/em><\/p>\n\n\n\n<div class=\"wp-block-file\"><a href=\"http:\/\/www.floodimpatproject.polimi.it\/wp-content\/uploads\/2019\/07\/MCA.pptx\">CBA<\/a><a href=\"http:\/\/www.floodimpatproject.polimi.it\/wp-content\/uploads\/2019\/07\/MCA.pptx\" class=\"wp-block-file__button\" download>Scarica<\/a><\/div>\n\n\n\n<p> L\u2019esperienza dei co-mapping lab verso una rappresentazione condivisa del rischio <br><em>Giuliana Gemini, Consorzio Poliedra <\/em><\/p>\n\n\n\n<div class=\"wp-block-file\"><a href=\"http:\/\/www.floodimpatproject.polimi.it\/wp-content\/uploads\/2019\/07\/190611-Floodimpat-Poliedra_short.pptx\">Floodimpat Poliedra_short<\/a><a href=\"http:\/\/www.floodimpatproject.polimi.it\/wp-content\/uploads\/2019\/07\/190611-Floodimpat-Poliedra_short.pptx\" class=\"wp-block-file__button\" download>Scarica<\/a><\/div>\n\n\n\n<p> Le attivit\u00e0 di disseminazione e comunicazione <br> <em>Guido Minucci, Responsabile attivit\u00e0 di disseminazione e comunicazione del progetto <\/em><\/p>\n\n\n\n<div class=\"wp-block-file\"><a href=\"http:\/\/www.floodimpatproject.polimi.it\/wp-content\/uploads\/2019\/07\/Presentazione.pdf\">Dissemination<\/a><a href=\"http:\/\/www.floodimpatproject.polimi.it\/wp-content\/uploads\/2019\/07\/Presentazione.pdf\" class=\"wp-block-file__button\" download><\/a><\/div>\n\n\n\n<h3 class=\"wp-block-heading\"><strong>\u201cGli investigatori del rischio\u201d<\/strong><\/h3>\n\n\n\n<h4 class=\"wp-block-heading\"><em>Scuola Barzaghi di Lodi e Politecnico di Milano<\/em><\/h4>\n\n\n\n<p>Il gruppo di lavoro del progetto Flood-IMPAT+ ha iniziato in stretta collaborazione con la Scuola elementare Barzaghi di Lodi, un percorso di apprendimento attraverso il gioco, chiamato \u201cGli investigatori del rischio\u201d, che mira a far conoscere e scoprire, attraverso diverse attivit\u00e0, cosa sia il rischio alluvionale, quale sia il rischio a Lodi e cosa sia possibile fare in caso di alluvione.<\/p>\n\n\n\n<p>Il progetto prevede 4 incontri con due classi di V elementare, ossia:<br>1. Visita al laboratorio di Idraulica del Politecnico di Milano e al modellino didattico &#8220;Alluvionopoli&#8221;<\/p>\n\n\n\n<p>2. Cosa \u00e8 successo a Lodi nel 2002? Interviste con alcuni cittadini colpiti dall&#8217;alluvione e con l&#8217;ex presidente del Consorzio di Bonifica della Muzza.<\/p>\n\n\n\n<p>3. Mappiamo insieme il rischio a Lodi<\/p>\n\n\n\n<p>4. Cosa possiamo fare in caso di alluvione. Incontro con la Protezione Civile di Lodi<\/p>\n\n\n\n<div class=\"wp-block-image\"><figure class=\"aligncenter\"><a href=\"http:\/\/www.floodimpatproject.polimi.it\/?attachment_id=685\"><img loading=\"lazy\" decoding=\"async\" width=\"1024\" height=\"724\" src=\"http:\/\/www.floodimpatproject.polimi.it\/wp-content\/uploads\/2019\/06\/Disegni-bimbi_Pagina_01-1024x724.jpg\" alt=\"\" class=\"wp-image-685\" srcset=\"https:\/\/www.floodimpatproject.polimi.it\/wp-content\/uploads\/2019\/06\/Disegni-bimbi_Pagina_01-1024x724.jpg 1024w, https:\/\/www.floodimpatproject.polimi.it\/wp-content\/uploads\/2019\/06\/Disegni-bimbi_Pagina_01-300x212.jpg 300w, https:\/\/www.floodimpatproject.polimi.it\/wp-content\/uploads\/2019\/06\/Disegni-bimbi_Pagina_01-768x543.jpg 768w, https:\/\/www.floodimpatproject.polimi.it\/wp-content\/uploads\/2019\/06\/Disegni-bimbi_Pagina_01-640x453.jpg 640w, https:\/\/www.floodimpatproject.polimi.it\/wp-content\/uploads\/2019\/06\/Disegni-bimbi_Pagina_01-1527x1080.jpg 1527w\" sizes=\"auto, (max-width: 1024px) 100vw, 1024px\" \/><\/a><\/figure><\/div>\n\n\n\n<p><\/p>\n","protected":false},"excerpt":{"rendered":"<p>Le attivit\u00e0 di Disseminazione prevedono non solo la comunicazione dei risultati del progetto bens\u00ec, coerentemente con i principi della RRI nonch\u00e9 della stessa Direttiva Alluvioni, \u00e8 anche previsto il coinvolgimento diretto dei cittadini e di tutti i portatori di interesse nelle diverse fasi del progetto, con particolare riferimento all\u2019area oggetto di studio. In particolare, due&hellip; <br \/> <a class=\"button small blue\" href=\"https:\/\/www.floodimpatproject.polimi.it\/?page_id=112\">Leggi tutto<\/a><\/p>\n","protected":false},"author":2,"featured_media":0,"parent":5,"menu_order":4,"comment_status":"closed","ping_status":"closed","template":"","meta":{"footnotes":""},"class_list":["post-112","page","type-page","status-publish","hentry"],"_links":{"self":[{"href":"https:\/\/www.floodimpatproject.polimi.it\/index.php?rest_route=\/wp\/v2\/pages\/112","targetHints":{"allow":["GET"]}}],"collection":[{"href":"https:\/\/www.floodimpatproject.polimi.it\/index.php?rest_route=\/wp\/v2\/pages"}],"about":[{"href":"https:\/\/www.floodimpatproject.polimi.it\/index.php?rest_route=\/wp\/v2\/types\/page"}],"author":[{"embeddable":true,"href":"https:\/\/www.floodimpatproject.polimi.it\/index.php?rest_route=\/wp\/v2\/users\/2"}],"replies":[{"embeddable":true,"href":"https:\/\/www.floodimpatproject.polimi.it\/index.php?rest_route=%2Fwp%2Fv2%2Fcomments&post=112"}],"version-history":[{"count":9,"href":"https:\/\/www.floodimpatproject.polimi.it\/index.php?rest_route=\/wp\/v2\/pages\/112\/revisions"}],"predecessor-version":[{"id":730,"href":"https:\/\/www.floodimpatproject.polimi.it\/index.php?rest_route=\/wp\/v2\/pages\/112\/revisions\/730"}],"up":[{"embeddable":true,"href":"https:\/\/www.floodimpatproject.polimi.it\/index.php?rest_route=\/wp\/v2\/pages\/5"}],"wp:attachment":[{"href":"https:\/\/www.floodimpatproject.polimi.it\/index.php?rest_route=%2Fwp%2Fv2%2Fmedia&parent=112"}],"curies":[{"name":"wp","href":"https:\/\/api.w.org\/{rel}","templated":true}]}}