{"id":110,"date":"2017-07-05T13:32:04","date_gmt":"2017-07-05T13:32:04","guid":{"rendered":"http:\/\/www.floodimpatproject.polimi.it\/?page_id=110"},"modified":"2018-02-14T17:36:35","modified_gmt":"2018-02-14T17:36:35","slug":"valutazione-dei-danni","status":"publish","type":"page","link":"https:\/\/www.floodimpatproject.polimi.it\/?page_id=110","title":{"rendered":"Valutazione dei danni"},"content":{"rendered":"<p><strong><u>Strumenti per la valutazione del danno alla micro-scala <\/u><\/strong><\/p>\n<p>La valutazione del danno alla micro-scala \u00e8 indispensabile alla produzione di mappe di rischio utili alla definizione dei PE, cos\u00ec come previsto dalla Direttiva Alluvioni. In particolare, ai fini della pianificazione di emergenza \u00e8 necessario valutare non solo il danno diretto ai beni esposti ma anche la perdita di funzionalit\u00e0 dei sistemi colpiti, sia in conseguenza del danno diretto che delle interconnessioni esistenti tra i diversi beni esposti; nello specifico, particolare importanza assume la perdita di funzionalit\u00e0 di strutture e servizi strategici ai fini della gestione dell\u2019emergenza quali ospedali, caserme, scuole, trasporto, luce, acqua. Inoltre, \u00e8 indispensabile valutare l\u2019effetto dell\u2019evento alluvionale sulla popolazione esposta i termini di morti\/feriti ma anche di persone che necessitano particolare assistenza, evacuati, etc.<\/p>\n<p>La valutazione del danno alla micro-scala \u00e8 inoltre funzionale alla valutazione del danno alla meso-scala, laddove non esistano modelli di danno applicabili al contesto in esame. In questo caso, un possibile approccio per la definizione di modelli di danno consiste nell\u2019up-scaling dei modelli alla micro-scala, attraverso opportune variabili di esposizione e vulnerabilit\u00e0.<\/p>\n<p>La quantificazione del danno alla micro-scala risulta di difficile realizzazione pratica nel contesto Italiano, sia per la mancanza di modelli di danno specifici per l\u2019Italia, sia per la mancanza di dati che permettano una validazione dei modelli sviluppati in altri ambiti.<\/p>\n<p>In tale contesto, gli obiettivi specifici sono:<\/p>\n<ul>\n<li>lo sviluppo, e l\u2019implementazione in ambiente GIS, di modelli per la valutazione del danno diretto (fisico e monetario) alla micro-scala (i.e. singolo bene esposto) ai settori: residenziale, industriale, agricolo e reti (elettrica, stradale, acquedotto e fognature);<\/li>\n<li>lo sviluppo, e l\u2019implementazione in ambiente GIS, di modelli per la valutazione della perdita di funzionalit\u00e0 degli edifici strategici;<\/li>\n<li>lo sviluppo, e l\u2019implementazione in ambiente GIS, di modelli per la valutazione del danno atteso alla micro-scala alla popolazione esposta.<\/li>\n<\/ul>\n<p>&nbsp;<\/p>\n<p>&nbsp;<\/p>\n<p><strong><u>Strumenti per la valutazione del danno alla meso-scala <\/u><\/strong><\/p>\n<p>La valutazione del danno alla meso-scala \u00e8 necessaria alla produzione di mappe di rischio utili alla definizione dei PGRA, ed in particolare alle analisi-costi benefici delle azioni inserite nel piano, cos\u00ec come previsto dalla Direttiva Alluvioni.<\/p>\n<p>Al momento, la procedura Flood-IMPAT prevede il calcolo del danno diretto (monetario) alla meso-scala per i settori residenziale, industriale e agricolo mediante modelli di danno sviluppati per il bacino del Reno e del Danubio. La validit\u00e0 di tali modelli nel contesto Italiano \u00e8 per\u00f2 questionabile. Ci\u00f2 implica che, allo stato attuale, la procedura pu\u00f2 essere utilizzata solo per confrontare l\u2019efficacia di diverse azioni di mitigazione ma non per un\u2019analisi costi-benefici di una specifica azione.<\/p>\n<p>Per quanto riguarda invece gli altri settori esposti invece, Flood-IMPAT si limita ad una sola valutazione dell\u2019esposizione, fornendo cos\u00ec una visione parziale del danno atteso. Inoltre, la procedura non permette alcuna valutazione in merito alla perdita di funzionalit\u00e0 delle reti laddove \u00e8 proprio alla meso-scala che gli effetti dovuti a tale perdita di funzionalit\u00e0 si manifestano maggiormente.<\/p>\n<p>Se alla micro-scala qualche tentativo di modellazione del danno \u00e8 stata fatta in Italia, almeno per quanto riguarda il danno agli edifici residenziali, alla meso-scala non esistono modelli di danno specifici per il contesto Italiano.<\/p>\n<p>In tale contesto, gli obiettivi specifici sono:<\/p>\n<ul>\n<li>lo sviluppo, e l\u2019implementazione in ambiente GIS, di modelli alla meso-scala per la valutazione del danno diretto (fisico e monetario) ai settori: residenziale, industriale, agricolo e reti (elettrica, stradale, acquedotto e fognature);<\/li>\n<li>lo sviluppo, e l\u2019implementazione in ambiente GIS, di modelli per la valutazione del danno atteso alla meso-scala alla popolazione esposta;<\/li>\n<li>lo sviluppo, e l\u2019implementazione in ambiente GIS, di modelli per la valutazione della perdita di funzionalit\u00e0 delle reti.<\/li>\n<\/ul>\n<p>&nbsp;<\/p>\n<p>Se vuoi saperne di pi\u00f9, guarda le presentazioni sui primi risultati:<\/p>\n<p><iframe loading=\"lazy\" src=\"https:\/\/www.slideshare.net\/slideshow\/embed_code\/key\/ukI452z9B72iTa\" width=\"427\" height=\"356\" frameborder=\"0\" marginwidth=\"0\" marginheight=\"0\" scrolling=\"no\" style=\"border:1px solid #CCC; border-width:1px; margin-bottom:5px; max-width: 100%;\" allowfullscreen> <\/iframe><\/p>\n<p><iframe loading=\"lazy\" src=\"https:\/\/www.slideshare.net\/slideshow\/embed_code\/key\/ew5QVKZ9ZLFe2p\" width=\"427\" height=\"356\" frameborder=\"0\" marginwidth=\"0\" marginheight=\"0\" scrolling=\"no\" style=\"border:1px solid #CCC; border-width:1px; margin-bottom:5px; max-width: 100%;\" allowfullscreen> <\/iframe><\/p>\n<p><iframe loading=\"lazy\" src=\"https:\/\/www.slideshare.net\/slideshow\/embed_code\/key\/9DMtB4h1TGtM4v\" width=\"427\" height=\"356\" frameborder=\"0\" marginwidth=\"0\" marginheight=\"0\" scrolling=\"no\" style=\"border:1px solid #CCC; border-width:1px; margin-bottom:5px; max-width: 100%;\" allowfullscreen> <\/iframe><\/p>\n<hr \/>\n<p>&nbsp;<\/p>\n<p><em>Ti potrebbe interessare anche:<\/em><\/p>\n<blockquote class=\"wp-embedded-content\" data-secret=\"KtKQshNkui\"><p><a href=\"http:\/\/www.floodimpatproject.polimi.it\/?page_id=108\">Valutazione dell&#8217;esposto e della vulnerabilit\u00e0<\/a><\/p><\/blockquote>\n<p><iframe loading=\"lazy\" class=\"wp-embedded-content\" sandbox=\"allow-scripts\" security=\"restricted\" style=\"position: absolute; clip: rect(1px, 1px, 1px, 1px);\" src=\"http:\/\/www.floodimpatproject.polimi.it\/?page_id=108&#038;embed=true#?secret=KtKQshNkui\" data-secret=\"KtKQshNkui\" width=\"600\" height=\"338\" title=\"&#8220;Valutazione dell&#8217;esposto e della vulnerabilit\u00e0&#8221; &#8212; Flood-Impat+\" frameborder=\"0\" marginwidth=\"0\" marginheight=\"0\" scrolling=\"no\"><\/iframe><\/p>\n<blockquote class=\"wp-embedded-content\" data-secret=\"ucCQ5Mh3XT\"><p><a href=\"http:\/\/www.floodimpatproject.polimi.it\/?page_id=90\">Valutazione della Pericolosit\u00e0<\/a><\/p><\/blockquote>\n<p><iframe loading=\"lazy\" class=\"wp-embedded-content\" sandbox=\"allow-scripts\" security=\"restricted\" style=\"position: absolute; clip: rect(1px, 1px, 1px, 1px);\" src=\"http:\/\/www.floodimpatproject.polimi.it\/?page_id=90&#038;embed=true#?secret=ucCQ5Mh3XT\" data-secret=\"ucCQ5Mh3XT\" width=\"600\" height=\"338\" title=\"&#8220;Valutazione della Pericolosit\u00e0&#8221; &#8212; Flood-Impat+\" frameborder=\"0\" marginwidth=\"0\" marginheight=\"0\" scrolling=\"no\"><\/iframe><\/p>\n","protected":false},"excerpt":{"rendered":"<p>Strumenti per la valutazione del danno alla micro-scala La valutazione del danno alla micro-scala \u00e8 indispensabile alla produzione di mappe di rischio utili alla definizione dei PE, cos\u00ec come previsto dalla Direttiva Alluvioni. In particolare, ai fini della pianificazione di emergenza \u00e8 necessario valutare non solo il danno diretto ai beni esposti ma anche la&hellip; <br \/> <a class=\"button small blue\" href=\"https:\/\/www.floodimpatproject.polimi.it\/?page_id=110\">Leggi tutto<\/a><\/p>\n","protected":false},"author":2,"featured_media":0,"parent":5,"menu_order":2,"comment_status":"closed","ping_status":"closed","template":"","meta":{"footnotes":""},"class_list":["post-110","page","type-page","status-publish","hentry"],"_links":{"self":[{"href":"https:\/\/www.floodimpatproject.polimi.it\/index.php?rest_route=\/wp\/v2\/pages\/110","targetHints":{"allow":["GET"]}}],"collection":[{"href":"https:\/\/www.floodimpatproject.polimi.it\/index.php?rest_route=\/wp\/v2\/pages"}],"about":[{"href":"https:\/\/www.floodimpatproject.polimi.it\/index.php?rest_route=\/wp\/v2\/types\/page"}],"author":[{"embeddable":true,"href":"https:\/\/www.floodimpatproject.polimi.it\/index.php?rest_route=\/wp\/v2\/users\/2"}],"replies":[{"embeddable":true,"href":"https:\/\/www.floodimpatproject.polimi.it\/index.php?rest_route=%2Fwp%2Fv2%2Fcomments&post=110"}],"version-history":[{"count":5,"href":"https:\/\/www.floodimpatproject.polimi.it\/index.php?rest_route=\/wp\/v2\/pages\/110\/revisions"}],"predecessor-version":[{"id":475,"href":"https:\/\/www.floodimpatproject.polimi.it\/index.php?rest_route=\/wp\/v2\/pages\/110\/revisions\/475"}],"up":[{"embeddable":true,"href":"https:\/\/www.floodimpatproject.polimi.it\/index.php?rest_route=\/wp\/v2\/pages\/5"}],"wp:attachment":[{"href":"https:\/\/www.floodimpatproject.polimi.it\/index.php?rest_route=%2Fwp%2Fv2%2Fmedia&parent=110"}],"curies":[{"name":"wp","href":"https:\/\/api.w.org\/{rel}","templated":true}]}}